{"id":3089,"date":"2021-06-01T17:54:27","date_gmt":"2021-06-01T14:54:27","guid":{"rendered":"https:\/\/www.rigamuz.lv\/rvkm\/?page_id=3089"},"modified":"2026-02-25T11:56:01","modified_gmt":"2026-02-25T09:56:01","slug":"izstazu-arhivs","status":"publish","type":"page","link":"https:\/\/www.rigamuz.lv\/rvkm\/ekspozicijas-izstades\/izstades\/izstazu-arhivs\/","title":{"rendered":"Izst\u0101\u017eu arh\u012bvs"},"content":{"rendered":"","protected":false},"excerpt":{"rendered":"","protected":false},"author":2,"featured_media":838,"parent":1819,"menu_order":0,"comment_status":"closed","ping_status":"closed","template":"page-offers-list.php","meta":[],"_links":{"self":[{"href":"https:\/\/www.rigamuz.lv\/rvkm\/wp-json\/wp\/v2\/pages\/3089"}],"collection":[{"href":"https:\/\/www.rigamuz.lv\/rvkm\/wp-json\/wp\/v2\/pages"}],"about":[{"href":"https:\/\/www.rigamuz.lv\/rvkm\/wp-json\/wp\/v2\/types\/page"}],"author":[{"embeddable":true,"href":"https:\/\/www.rigamuz.lv\/rvkm\/wp-json\/wp\/v2\/users\/2"}],"replies":[{"embeddable":true,"href":"https:\/\/www.rigamuz.lv\/rvkm\/wp-json\/wp\/v2\/comments?post=3089"}],"version-history":[{"count":25,"href":"https:\/\/www.rigamuz.lv\/rvkm\/wp-json\/wp\/v2\/pages\/3089\/revisions"}],"predecessor-version":[{"id":8280,"href":"https:\/\/www.rigamuz.lv\/rvkm\/wp-json\/wp\/v2\/pages\/3089\/revisions\/8280"}],"up":[{"embeddable":true,"href":"https:\/\/www.rigamuz.lv\/rvkm\/wp-json\/wp\/v2\/pages\/1819"}],"wp:featuredmedia":[{"embeddable":true,"href":"https:\/\/www.rigamuz.lv\/rvkm\/wp-json\/wp\/v2\/media\/838"}],"wp:attachment":[{"href":"https:\/\/www.rigamuz.lv\/rvkm\/wp-json\/wp\/v2\/media?parent=3089"}],"curies":[{"name":"wp","href":"https:\/\/api.w.org\/{rel}","templated":true}]}}