{"id":2431,"date":"2021-01-13T10:55:12","date_gmt":"2021-01-13T08:55:12","guid":{"rendered":"http:\/\/www.rigamuz.lv\/rvkm\/?page_id=2431"},"modified":"2025-10-22T15:59:55","modified_gmt":"2025-10-22T12:59:55","slug":"virtualas-izstades","status":"publish","type":"page","link":"https:\/\/www.rigamuz.lv\/rvkm\/ekspozicijas-izstades\/izstades\/virtualas-izstades\/","title":{"rendered":"Virtu\u0101l\u0101s izst\u0101des"},"content":{"rendered":"","protected":false},"excerpt":{"rendered":"","protected":false},"author":2,"featured_media":0,"parent":1819,"menu_order":0,"comment_status":"closed","ping_status":"closed","template":"page-offers-list.php","meta":[],"_links":{"self":[{"href":"https:\/\/www.rigamuz.lv\/rvkm\/wp-json\/wp\/v2\/pages\/2431"}],"collection":[{"href":"https:\/\/www.rigamuz.lv\/rvkm\/wp-json\/wp\/v2\/pages"}],"about":[{"href":"https:\/\/www.rigamuz.lv\/rvkm\/wp-json\/wp\/v2\/types\/page"}],"author":[{"embeddable":true,"href":"https:\/\/www.rigamuz.lv\/rvkm\/wp-json\/wp\/v2\/users\/2"}],"replies":[{"embeddable":true,"href":"https:\/\/www.rigamuz.lv\/rvkm\/wp-json\/wp\/v2\/comments?post=2431"}],"version-history":[{"count":36,"href":"https:\/\/www.rigamuz.lv\/rvkm\/wp-json\/wp\/v2\/pages\/2431\/revisions"}],"predecessor-version":[{"id":8078,"href":"https:\/\/www.rigamuz.lv\/rvkm\/wp-json\/wp\/v2\/pages\/2431\/revisions\/8078"}],"up":[{"embeddable":true,"href":"https:\/\/www.rigamuz.lv\/rvkm\/wp-json\/wp\/v2\/pages\/1819"}],"wp:attachment":[{"href":"https:\/\/www.rigamuz.lv\/rvkm\/wp-json\/wp\/v2\/media?parent=2431"}],"curies":[{"name":"wp","href":"https:\/\/api.w.org\/{rel}","templated":true}]}}