{"id":2395,"date":"2021-01-08T13:07:18","date_gmt":"2021-01-08T11:07:18","guid":{"rendered":"http:\/\/www.rigamuz.lv\/rvkm\/?page_id=2395"},"modified":"2026-02-23T09:08:55","modified_gmt":"2026-02-23T07:08:55","slug":"celojosas-izstades","status":"publish","type":"page","link":"https:\/\/www.rigamuz.lv\/rvkm\/ekspozicijas-izstades\/izstades\/celojosas-izstades\/","title":{"rendered":"Ce\u013cojo\u0161\u0101s izst\u0101des"},"content":{"rendered":"","protected":false},"excerpt":{"rendered":"","protected":false},"author":2,"featured_media":851,"parent":1819,"menu_order":0,"comment_status":"closed","ping_status":"closed","template":"page-offers-list.php","meta":[],"_links":{"self":[{"href":"https:\/\/www.rigamuz.lv\/rvkm\/wp-json\/wp\/v2\/pages\/2395"}],"collection":[{"href":"https:\/\/www.rigamuz.lv\/rvkm\/wp-json\/wp\/v2\/pages"}],"about":[{"href":"https:\/\/www.rigamuz.lv\/rvkm\/wp-json\/wp\/v2\/types\/page"}],"author":[{"embeddable":true,"href":"https:\/\/www.rigamuz.lv\/rvkm\/wp-json\/wp\/v2\/users\/2"}],"replies":[{"embeddable":true,"href":"https:\/\/www.rigamuz.lv\/rvkm\/wp-json\/wp\/v2\/comments?post=2395"}],"version-history":[{"count":3,"href":"https:\/\/www.rigamuz.lv\/rvkm\/wp-json\/wp\/v2\/pages\/2395\/revisions"}],"predecessor-version":[{"id":8266,"href":"https:\/\/www.rigamuz.lv\/rvkm\/wp-json\/wp\/v2\/pages\/2395\/revisions\/8266"}],"up":[{"embeddable":true,"href":"https:\/\/www.rigamuz.lv\/rvkm\/wp-json\/wp\/v2\/pages\/1819"}],"wp:featuredmedia":[{"embeddable":true,"href":"https:\/\/www.rigamuz.lv\/rvkm\/wp-json\/wp\/v2\/media\/851"}],"wp:attachment":[{"href":"https:\/\/www.rigamuz.lv\/rvkm\/wp-json\/wp\/v2\/media?parent=2395"}],"curies":[{"name":"wp","href":"https:\/\/api.w.org\/{rel}","templated":true}]}}