{"id":3083,"date":"2025-11-03T12:17:08","date_gmt":"2025-11-03T10:17:08","guid":{"rendered":"https:\/\/www.rigamuz.lv\/mn\/?page_id=3083"},"modified":"2026-05-05T13:53:38","modified_gmt":"2026-05-05T10:53:38","slug":"izstazu-arhivs","status":"publish","type":"page","link":"https:\/\/www.rigamuz.lv\/mn\/ekspozicijas-izstades\/izstades\/izstazu-arhivs\/","title":{"rendered":"Izst\u0101\u017eu arh\u012bvs"},"content":{"rendered":"","protected":false},"excerpt":{"rendered":"","protected":false},"author":2,"featured_media":2962,"parent":1812,"menu_order":0,"comment_status":"closed","ping_status":"closed","template":"page-offers-list.php","meta":[],"_links":{"self":[{"href":"https:\/\/www.rigamuz.lv\/mn\/wp-json\/wp\/v2\/pages\/3083"}],"collection":[{"href":"https:\/\/www.rigamuz.lv\/mn\/wp-json\/wp\/v2\/pages"}],"about":[{"href":"https:\/\/www.rigamuz.lv\/mn\/wp-json\/wp\/v2\/types\/page"}],"author":[{"embeddable":true,"href":"https:\/\/www.rigamuz.lv\/mn\/wp-json\/wp\/v2\/users\/2"}],"replies":[{"embeddable":true,"href":"https:\/\/www.rigamuz.lv\/mn\/wp-json\/wp\/v2\/comments?post=3083"}],"version-history":[{"count":8,"href":"https:\/\/www.rigamuz.lv\/mn\/wp-json\/wp\/v2\/pages\/3083\/revisions"}],"predecessor-version":[{"id":3493,"href":"https:\/\/www.rigamuz.lv\/mn\/wp-json\/wp\/v2\/pages\/3083\/revisions\/3493"}],"up":[{"embeddable":true,"href":"https:\/\/www.rigamuz.lv\/mn\/wp-json\/wp\/v2\/pages\/1812"}],"wp:featuredmedia":[{"embeddable":true,"href":"https:\/\/www.rigamuz.lv\/mn\/wp-json\/wp\/v2\/media\/2962"}],"wp:attachment":[{"href":"https:\/\/www.rigamuz.lv\/mn\/wp-json\/wp\/v2\/media?parent=3083"}],"curies":[{"name":"wp","href":"https:\/\/api.w.org\/{rel}","templated":true}]}}