{"id":2386,"date":"2022-02-17T15:27:17","date_gmt":"2022-02-17T13:27:17","guid":{"rendered":"http:\/\/www.rigamuz.lv\/ajm\/?page_id=2386"},"modified":"2025-01-30T10:26:29","modified_gmt":"2025-01-30T08:26:29","slug":"virtualas-izstades","status":"publish","type":"page","link":"https:\/\/www.rigamuz.lv\/ajm\/ekspozicija-izstades-2\/izstades\/virtualas-izstades\/","title":{"rendered":"Virtu\u0101l\u0101s izst\u0101des"},"content":{"rendered":"","protected":false},"excerpt":{"rendered":"","protected":false},"author":2,"featured_media":1687,"parent":2356,"menu_order":0,"comment_status":"closed","ping_status":"closed","template":"page-offers-list.php","meta":[],"_links":{"self":[{"href":"https:\/\/www.rigamuz.lv\/ajm\/wp-json\/wp\/v2\/pages\/2386"}],"collection":[{"href":"https:\/\/www.rigamuz.lv\/ajm\/wp-json\/wp\/v2\/pages"}],"about":[{"href":"https:\/\/www.rigamuz.lv\/ajm\/wp-json\/wp\/v2\/types\/page"}],"author":[{"embeddable":true,"href":"https:\/\/www.rigamuz.lv\/ajm\/wp-json\/wp\/v2\/users\/2"}],"replies":[{"embeddable":true,"href":"https:\/\/www.rigamuz.lv\/ajm\/wp-json\/wp\/v2\/comments?post=2386"}],"version-history":[{"count":14,"href":"https:\/\/www.rigamuz.lv\/ajm\/wp-json\/wp\/v2\/pages\/2386\/revisions"}],"predecessor-version":[{"id":2970,"href":"https:\/\/www.rigamuz.lv\/ajm\/wp-json\/wp\/v2\/pages\/2386\/revisions\/2970"}],"up":[{"embeddable":true,"href":"https:\/\/www.rigamuz.lv\/ajm\/wp-json\/wp\/v2\/pages\/2356"}],"wp:featuredmedia":[{"embeddable":true,"href":"https:\/\/www.rigamuz.lv\/ajm\/wp-json\/wp\/v2\/media\/1687"}],"wp:attachment":[{"href":"https:\/\/www.rigamuz.lv\/ajm\/wp-json\/wp\/v2\/media?parent=2386"}],"curies":[{"name":"wp","href":"https:\/\/api.w.org\/{rel}","templated":true}]}}